{"id":808,"date":"2010-05-19T13:36:00","date_gmt":"2010-05-19T11:36:00","guid":{"rendered":"http:\/\/www.ronnybgoode.se\/?page_id=808"},"modified":"2019-01-20T12:49:10","modified_gmt":"2019-01-20T10:49:10","slug":"om-mig","status":"publish","type":"page","link":"http:\/\/www.ronnybgoode.se\/?page_id=808","title":{"rendered":"Om mig"},"content":{"rendered":"<p><strong>Vem \u00e4r jag?<\/strong><\/p>\n<p>Jag arbetar som <strong>frilansjournalist<\/strong> och <strong>skribent<\/strong>. Detta innefattar f\u00f6rutom artiklar och reportage textinneh\u00e5ll f\u00f6r webbsajter, trycksaker, nyhetsbrev och vad du nu kan t\u00e4nkas beh\u00f6va. Detaljerade referenser kan erh\u00e5llas p\u00e5 beg\u00e4ran: kontakta mig p\u00e5 <a href=\"mailto:ronny@ronnybgoode.se\">ronny@ronnybgoode.se<\/a><\/p>\n<p><strong>Min bakgrund<\/strong> \u00e4r h\u00f6gst varierande, fr\u00e5n radiotelegrafist i handelsflottan till Kriminalv\u00e5rden, kemisk-teknisk industri, egenf\u00f6retagare inom IT och marknadsf\u00f6ring sedan Internet kom till, arbete inom turistn\u00e4ringen, utbildare och inte minst radioproduktion.<\/p>\n<p>Just <strong>radio <\/strong>\u00e4r n\u00e5got som g\u00e5tt som en r\u00f6d tr\u00e5d genom b\u00e5de mitt yrkesliv och mitt personliga liv. Jag har varit involverad i ett flertal olika radioprojekt och startade tillsammans med ett par andra entusiaster Radio Ljusdal \u00e5r 2000. Detta blev ett exempel p\u00e5 hur en liten frist\u00e5ende radiostation kan utvecklas och bli ett naturligt inslag i vardagen i en region. Under n\u00e5gra \u00e5r s\u00e4nde vi \u00e4ven turistradio och detta visade sig bli en effektiv marknadsf\u00f6ringskanal f\u00f6r lokala turistm\u00e5l och v\u00e5ra program blev mycket popul\u00e4ra bland bes\u00f6kande turister.<\/p>\n<p><strong>En lokal station<\/strong> har oanade m\u00f6jligheter att skapa en relation med lyssnarna p\u00e5 ett s\u00e4tt som rikst\u00e4ckande radiokedjor aldrig kan uppn\u00e5 och det finns mycket att g\u00f6ra inom denna sektor. Med sm\u00e5 medel g\u00e5r det att skapa ett redaktionellt inneh\u00e5ll, en underh\u00e5llning och musikmix anpassad f\u00f6r lokala f\u00f6rh\u00e5llanden och framf\u00f6r allt interagera med lyssnarna. Man kan nog s\u00e4ga att jag har f\u00e5tt radio i blodet \u2013 och jag \u00e4r alltid \u00f6ppen f\u00f6r nya utmaningar inom detta omr\u00e5de.<\/p>\n<p><strong>Frilansuppdrag<\/strong> passar mig alldeles utm\u00e4rkt. Ja, det \u00e4r \u00e4ven idealiskt f\u00f6r best\u00e4llaren som f\u00e5r arbetet utf\u00f6rt utan att beh\u00f6va ha n\u00e5got anst\u00e4llningsansvar och bara beh\u00f6ver betala en faktura vid leverans. Precis som jag g\u00e4rna l\u00e4mnar in bilen p\u00e5 verkstad eller l\u00e4mnar bort min ekonomiska redovisning till specialister p\u00e5 omr\u00e5det hellre \u00e4n att l\u00e4gga ned tid p\u00e5 det sj\u00e4lv. Just tiden \u00e4r n\u00e5got mycket viktigt f\u00f6r mig. Tid \u00e4r n\u00e5got som vi inte kan \u00e5tervinna \u2013 men d\u00e4remot kan vi anv\u00e4nda v\u00e5r tid p\u00e5 ett s\u00e5 bra s\u00e4tt som m\u00f6jligt. Ja, vi kan faktiskt k\u00f6pa tid genom att leja bort s\u00e5dant som andra g\u00f6r b\u00e4ttre. P\u00e5 detta s\u00e4tt frig\u00f6r vi tid till att fokusera p\u00e5 v\u00e5r egentliga verksamhet och \u00e4gna oss \u00e5t det vi \u00e4r bra p\u00e5.<\/p>\n<p><strong>F\u00f6r \u00f6vrigt<\/strong> s\u00e5 kommer jag fr\u00e5n H\u00e4lsingland (f d F\u00e4rila kommun) och bor numera p\u00e5 Svartsj\u00f6landet (F\u00e4rings\u00f6) utanf\u00f6r Stockholm. N\u00e4rmare best\u00e4mt i Vita Huset. Ja, huset kallas faktiskt s\u00e5 och d\u00e4rav namnet p\u00e5 min blogg. Stor djur\u00e4lskare och jag tycker att pyrrar (pyren\u00e9erhundar) \u00e4r bland det b\u00e4sta som finns. Musikentusiast och skivsamlare. Kopplar hellre av med en bra bok \u00e4n att f\u00f6lja senaste dokus\u00e5pan p\u00e5 TV.<\/p>\n<p>En n\u00e4rmare bild av vem jag \u00e4r f\u00e5r du mellan raderna i min blogg\u2026.<\/p>\n<p>Ronny B Goode<br \/>\n<a href=\"mailto:ronny@ronnybgoode.se\">ronny@ronnybgoode.se<\/a><br \/>\nMedlem av Svenska Journalistf\u00f6rbundet<\/p>\n","protected":false},"excerpt":{"rendered":"<p>Vem \u00e4r jag? Jag arbetar som frilansjournalist och skribent. Detta innefattar f\u00f6rutom artiklar och reportage textinneh\u00e5ll f\u00f6r webbsajter, trycksaker, nyhetsbrev och vad du nu kan t\u00e4nkas beh\u00f6va. Detaljerade referenser kan erh\u00e5llas p\u00e5 beg\u00e4ran: kontakta mig p\u00e5 ronny@ronnybgoode.se Min bakgrund \u00e4r h\u00f6gst varierande, fr\u00e5n radiotelegrafist i handelsflottan till Kriminalv\u00e5rden, kemisk-teknisk industri, egenf\u00f6retagare inom IT och marknadsf\u00f6ring [&hellip;]<\/p>\n","protected":false},"author":1,"featured_media":0,"parent":0,"menu_order":0,"comment_status":"open","ping_status":"open","template":"","meta":[],"_links":{"self":[{"href":"http:\/\/www.ronnybgoode.se\/index.php?rest_route=\/wp\/v2\/pages\/808"}],"collection":[{"href":"http:\/\/www.ronnybgoode.se\/index.php?rest_route=\/wp\/v2\/pages"}],"about":[{"href":"http:\/\/www.ronnybgoode.se\/index.php?rest_route=\/wp\/v2\/types\/page"}],"author":[{"embeddable":true,"href":"http:\/\/www.ronnybgoode.se\/index.php?rest_route=\/wp\/v2\/users\/1"}],"replies":[{"embeddable":true,"href":"http:\/\/www.ronnybgoode.se\/index.php?rest_route=%2Fwp%2Fv2%2Fcomments&post=808"}],"version-history":[{"count":1,"href":"http:\/\/www.ronnybgoode.se\/index.php?rest_route=\/wp\/v2\/pages\/808\/revisions"}],"predecessor-version":[{"id":1038,"href":"http:\/\/www.ronnybgoode.se\/index.php?rest_route=\/wp\/v2\/pages\/808\/revisions\/1038"}],"wp:attachment":[{"href":"http:\/\/www.ronnybgoode.se\/index.php?rest_route=%2Fwp%2Fv2%2Fmedia&parent=808"}],"curies":[{"name":"wp","href":"https:\/\/api.w.org\/{rel}","templated":true}]}}